{"id":5,"date":"2021-01-24T15:00:03","date_gmt":"2021-01-24T13:00:03","guid":{"rendered":"http:\/\/bridge58.qodeinteractive.com\/?page_id=5"},"modified":"2025-09-29T20:50:24","modified_gmt":"2025-09-29T17:50:24","slug":"home","status":"publish","type":"page","link":"https:\/\/karinegrazia.com\/it\/","title":{"rendered":"Home"},"content":{"rendered":"<section class=\"wpb-content-wrapper\"><p>[vc_row row_type=&#8221;parallax&#8221; parallax_content_width=&#8221;in_grid&#8221; text_align=&#8221;center&#8221; full_screen_section_height=&#8221;no&#8221; background_image=&#8221;721&#8243;][vc_column offset=&#8221;vc_col-lg-offset-2 vc_col-lg-8 vc_col-md-offset-1 vc_col-md-10&#8243; css=&#8221;.vc_custom_1466781117680{padding-top: 16.9% !important;padding-right: 5% !important;padding-left: 5% !important;}&#8221;][vc_row_inner row_type=&#8221;row&#8221; type=&#8221;full_width&#8221; text_align=&#8221;center&#8221; css_animation=&#8221;&#8221;][vc_column_inner css=&#8221;.vc_custom_1466781257646{padding-top: 17.2% !important;}&#8221;][vc_column_text]<\/p>\n<h2>Little About Me<\/h2>\n<p>[\/vc_column_text][vc_empty_space][vc_column_text]<\/p>\n<p style=\"text-align: left;\">Karine Grazia (nata nel 1986) \u00e8 un&#8217;artista freelance che vive e lavora in Italia ed in Estonia.<\/p>\n<p style=\"text-align: left;\">I suoi genitori hanno incoraggiato la sua creativit\u00e0 sin dalla prima infanzia, permettendole di disegnare sulla carta da parati nella camera dei giochi. Ha costruito il suo primo cavalletto all&#8217;et\u00e0 di otto anni.<\/p>\n<p style=\"text-align: left;\">Nel 2011 si \u00e8 laureata in architettura di interni all&#8217;Euroacademy di Tallinn.<\/p>\n<p style=\"text-align: left;\">Karine dipinge astratti con acrilici.<\/p>\n<p style=\"text-align: left;\">Quando crea il suo lavoro, \u00e8 importante per lei prendere in considerazione dove andr\u00e0 collocata l\u2019opera per ottenere un effetto ottimale. Desidera creare un ambiente ideale, in cui le persone si sentano a proprio agio. Un dipinto sul muro pu\u00f2 creare una sensazione completamente nuova nella stanza. Poich\u00e9 ha studiato architettura degli interni, \u00e8 qui che \u00e8 possibile combinare le due parti. Il risultato \u00e8 esattamente quello che vuole ottenere attraverso l&#8217;arte. Le piace il suo lavoro, le piace creare e la gioia pi\u00f9 grande \u00e8 donare felicit\u00e0 ai suoi clienti. Karine ha detto: &#8220;Mi piace lasciare la bellezza alle spalle e condividere l&#8217;armonia con cui posso deliziare i miei clienti e partner&#8221;.<\/p>\n<p>[\/vc_column_text][vc_empty_space height=&#8221;93px&#8221;][\/vc_column_inner][\/vc_row_inner][\/vc_column][\/vc_row][vc_row css_animation=&#8221;&#8221; row_type=&#8221;row&#8221; use_row_as_full_screen_section=&#8221;no&#8221; type=&#8221;grid&#8221; angled_section=&#8221;no&#8221; text_align=&#8221;center&#8221; background_image_as_pattern=&#8221;without_pattern&#8221; css=&#8221;.vc_custom_1611680981132{padding-top: 40px !important;padding-bottom: 40px !important;}&#8221; z_index=&#8221;&#8221;][vc_column width=&#8221;1\/4&#8243;][\/vc_column][vc_column width=&#8221;1\/2&#8243;][vc_column_text]<strong>Esposizioni 2025:<\/strong><\/p>\n<ul>\n<li>Artifact Gallery a New York; 7-26 Maggio<\/li>\n<\/ul>\n<p><strong>Esposizioni 2024<\/strong><\/p>\n<ul>\n<li>Victoria Olt Galleria &#8220;Your first art collection 3&#8221; 9 Novembre-23 Dicembere<\/li>\n<li>Art3f Fiera internazionale d&#8217;arte contemporanea a Zurigo; 12-14 Aprile<\/li>\n<\/ul>\n<p><strong>Esposizioni 2023:<\/strong><\/p>\n<ul>\n<li>Galleria di Disegno e Architettura a Tallinn; &#8220;Ikigai, Abracadabra, Fika e altri quadri&#8221;; 3-22 Luglio<\/li>\n<li>Galleria Gaudi; 13-20 Gennaio<\/li>\n<\/ul>\n<p><strong>Esposizioni 2022:<\/strong><\/p>\n<ul>\n<li>Monat Gallery a Madrid; &#8220;Unattainable&#8221;; 16 Dicembre-16 Gennaio<\/li>\n<li>Espacio Gallery a Londra; 6-10 Dicembre<\/li>\n<li>European Museum of Modern Art a Barcelona; &#8220;4 Bienal de Arte Barcelona&#8221; 18-20 Novembre<\/li>\n<li>https:\/\/www.contemporaryartcuratormagazine.com\/faces-of-the-peace\/karine-grazia?rq=%09Karine%20Grazia<\/li>\n<li>Carrousel du Louvre a Parigi;\u00a0 &#8220;Art Shopping&#8221;; 21-23 Ottobre<\/li>\n<li>Palazzo Orangery a Austria;\u00a0 Art Vienna International Fair 15-18 Settembre<\/li>\n<li>Palazzo Albrizzi-Capello a Venezia; &#8220;Rituals&#8221; 15 Aprile-5 Maggio<\/li>\n<li>Monat Gallery a Madrid; &#8220;Visions From the Unknown&#8221; 13 Aprile-13 Maggio<\/li>\n<li>Gallery 24B a Parigi; &#8220;Women&#8217;s essence&#8221;21-24 Aprile<\/li>\n<li>Superstudio Maxi a Milano; &#8220;(Un)Fair&#8221;\u00a0 8-10 Aprile<\/li>\n<li>Palazzo Pisani-Revedin, Futeres Art Gallery a Venezia; &#8220;Never Again&#8221; 2-28 Aprile<\/li>\n<li>The Room Contemporary Art Space a Venezia; &#8220;Canvas Venice International Art Fair 2022&#8221; 3-25 Marzo<\/li>\n<li>Palazzo Maffei Marescotti, Galleria La Pigna a Roma; &#8220;State of Art&#8221; 28 Gennaio-4 Febbraio<\/li>\n<\/ul>\n<p><strong>Esposizioni 2021:<\/strong><\/p>\n<ul>\n<li>Palazzo Pisani-Revedin, Futeres Art Gallery a Venezia; &#8220;Art Collection&#8221; 4-31 Dicembre<\/li>\n<li>https:\/\/www.contemporaryartcuratormagazine.com\/online-exhibition-river-of-dreams\/karine-grazia 14 Giungo-14 Ottobre<\/li>\n<li>Fiera internazionale d&#8217;arte contemporanea a Lussemburgo 17-19 Settembre<\/li>\n<li>Palazzo Saluzzo dei Rolli a Genova; &#8220;Distanze&#8221; 1-15 Giugno<\/li>\n<li>Galleria Ess&amp;Rre-Lungomare Duca degli Abruzzi, 84-00121 Lido di Osta-Rome; &#8220;Daydreaming&#8221; 10-16 Aprile<\/li>\n<li>M.A.D.S Galleria d\u2019arte a Milano; \u201cLove my body\u201d 19-28 Febbraio<\/li>\n<\/ul>\n<p>[\/vc_column_text][\/vc_column][vc_column width=&#8221;1\/4&#8243;][\/vc_column][\/vc_row][vc_row row_type=&#8221;parallax&#8221; parallax_content_width=&#8221;full_width&#8221; text_align=&#8221;center&#8221; full_screen_section_height=&#8221;no&#8221; background_image=&#8221;715&#8243; css=&#8221;.vc_custom_1685887489536{padding-top: 150px !important;padding-bottom: 150px !important;}&#8221;][vc_column][vc_empty_space height=&#8221;150px&#8221;]<a  itemprop=\"url\" href=\"https:\/\/karinegrazia.com\/it\/ikigai-abracatabra-fika-and-ohter-paintings\/\" target=\"_self\"  class=\"qbutton  big_large default\" style=\"border-color: #000000; \">Ikigai, Abracadabra, Fika e altri dipinti<\/a>[vc_empty_space height=&#8221;150px&#8221;][\/vc_column][\/vc_row][vc_row row_type=&#8221;parallax&#8221; parallax_content_width=&#8221;full_width&#8221; text_align=&#8221;center&#8221; full_screen_section_height=&#8221;no&#8221; background_image=&#8221;717&#8243; css=&#8221;.vc_custom_1685887531379{padding-top: 150px !important;padding-bottom: 150px !important;}&#8221;][vc_column][vc_empty_space height=&#8221;150px&#8221;]<a  itemprop=\"url\" href=\"https:\/\/karinegrazia.com\/it\/abstract\/\" target=\"_self\"  class=\"qbutton  big_large default\" style=\"border-color: #000000; \">L'ASTRATTO<\/a>[vc_empty_space height=&#8221;150px&#8221;][\/vc_column][\/vc_row][vc_row row_type=&#8221;parallax&#8221; parallax_content_width=&#8221;full_width&#8221; text_align=&#8221;center&#8221; full_screen_section_height=&#8221;no&#8221; background_image=&#8221;718&#8243;][vc_column][vc_empty_space height=&#8221;150px&#8221;]<a  itemprop=\"url\" href=\"https:\/\/karinegrazia.com\/it\/drawing\/\" target=\"_self\"  class=\"qbutton  big_large default\" style=\"border-color: #000000; \">STUDIO<\/a>[vc_empty_space height=&#8221;150px&#8221;][\/vc_column][\/vc_row]<\/p>\n<\/section>","protected":false},"excerpt":{"rendered":"<p>[vc_row row_type=&#8221;parallax&#8221; parallax_content_width=&#8221;in_grid&#8221; text_align=&#8221;center&#8221; full_screen_section_height=&#8221;no&#8221; background_image=&#8221;721&#8243;][vc_column offset=&#8221;vc_col-lg-offset-2 vc_col-lg-8 vc_col-md-offset-1 vc_col-md-10&#8243; css=&#8221;.vc_custom_1466781117680{padding-top: 16.9% !important;padding-right: 5% !important;padding-left: 5% !important;}&#8221;][vc_row_inner row_type=&#8221;row&#8221; type=&#8221;full_width&#8221; text_align=&#8221;center&#8221; css_animation=&#8221;&#8221;][vc_column_inner css=&#8221;.vc_custom_1466781257646{padding-top: 17.2% !important;}&#8221;][vc_column_text] Little About Me [\/vc_column_text][vc_empty_space][vc_column_text] Karine Grazia (nata nel 1986) \u00e8 un&#8217;artista freelance che vive e lavora in Italia ed in Estonia. I suoi genitori hanno incoraggiato la sua creativit\u00e0 sin dalla&#8230;<\/p>\n","protected":false},"author":1,"featured_media":0,"parent":0,"menu_order":0,"comment_status":"closed","ping_status":"closed","template":"full_width.php","meta":[],"_links":{"self":[{"href":"https:\/\/karinegrazia.com\/it\/wp-json\/wp\/v2\/pages\/5"}],"collection":[{"href":"https:\/\/karinegrazia.com\/it\/wp-json\/wp\/v2\/pages"}],"about":[{"href":"https:\/\/karinegrazia.com\/it\/wp-json\/wp\/v2\/types\/page"}],"author":[{"embeddable":true,"href":"https:\/\/karinegrazia.com\/it\/wp-json\/wp\/v2\/users\/1"}],"replies":[{"embeddable":true,"href":"https:\/\/karinegrazia.com\/it\/wp-json\/wp\/v2\/comments?post=5"}],"version-history":[{"count":5,"href":"https:\/\/karinegrazia.com\/it\/wp-json\/wp\/v2\/pages\/5\/revisions"}],"predecessor-version":[{"id":750,"href":"https:\/\/karinegrazia.com\/it\/wp-json\/wp\/v2\/pages\/5\/revisions\/750"}],"wp:attachment":[{"href":"https:\/\/karinegrazia.com\/it\/wp-json\/wp\/v2\/media?parent=5"}],"curies":[{"name":"wp","href":"https:\/\/api.w.org\/{rel}","templated":true}]}}